{"id":1736,"date":"2022-05-20T18:50:29","date_gmt":"2022-05-20T18:50:29","guid":{"rendered":"https:\/\/middoge.de\/?page_id=1736"},"modified":"2026-01-26T12:53:43","modified_gmt":"2026-01-26T12:53:43","slug":"benutzugsordnung-des-dorftreffs-der-alten-pastorei","status":"publish","type":"page","link":"https:\/\/middoge.de\/?page_id=1736","title":{"rendered":"Benutzugsordnung des Dorftreffs der Alten Pastorei"},"content":{"rendered":"<p><a href=\"https:\/\/middoge.de\/wp-content\/uploads\/2026\/01\/NutzungregelnAltePastoreiMiddoge.jpg\"><img loading=\"lazy\" decoding=\"async\" class=\"alignleft size-full wp-image-2399\" src=\"https:\/\/middoge.de\/wp-content\/uploads\/2026\/01\/NutzungregelnAltePastoreiMiddoge.jpg\" alt=\"\" width=\"1153\" height=\"1553\" srcset=\"https:\/\/middoge.de\/wp-content\/uploads\/2026\/01\/NutzungregelnAltePastoreiMiddoge.jpg 1153w, https:\/\/middoge.de\/wp-content\/uploads\/2026\/01\/NutzungregelnAltePastoreiMiddoge-223x300.jpg 223w, https:\/\/middoge.de\/wp-content\/uploads\/2026\/01\/NutzungregelnAltePastoreiMiddoge-760x1024.jpg 760w, https:\/\/middoge.de\/wp-content\/uploads\/2026\/01\/NutzungregelnAltePastoreiMiddoge-768x1034.jpg 768w, https:\/\/middoge.de\/wp-content\/uploads\/2026\/01\/NutzungregelnAltePastoreiMiddoge-1140x1536.jpg 1140w\" sizes=\"auto, (max-width: 1153px) 100vw, 1153px\" \/><\/a><\/p>\n<p>Die Eintragungen f\u00fcr eine Veranstaltung im Kalender und das Ausleihen geht nur \u00fcber den Dorfvorstand!!!<br \/>\nDie Veranstaltung muss auf dem Kalender mit Namen und Telefonnummer angegeben sein, sonst ist die Eintragung ung\u00fcltig.<\/p>\n<p>Bei einer Veranstaltung, die im Kalender eingetragen ist, ist der Grillplatz inklusive.<br \/>\nAuch wenn eine Eintragung nach dem Grilltermin erfolgt, hat die Veranstaltung im Dorftreff auf jeden Fall Vorrang und die Griller m\u00fcssen sich mit dem Veranstalter einigen.<br \/>\nAufbauen am Tag vor der Veranstaltung. Aufr\u00e4umen am Tag nach der Veranstaltung. In Ausnahmef\u00e4llen den Vereinsvorstand fragen.<\/p>\n<p>Jetzt noch ein paar Punkte, auf die Ihr unbedingt nach einer Feier achten solltet:<br \/>\n1. Das Geschirr und Besteck nach &#8222;Muster&#8220; und Anzahl &#8222;sauber&#8220; in die Schr\u00e4nke einr\u00e4umen.<br \/>\n2. Die gro\u00dfen Fl\u00e4chen im gro\u00dfen Raum mit der Feudelmaschine reinigen .<br \/>\n3. Die St\u00fchle einheitlich und gleichm\u00e4\u00dfig an dem vorhandenen Platz stapeln.<br \/>\n4. Die Tische unter der B\u00fchne &#8222;ordentlich&#8220; und &#8222;sauber&#8220; stapeln.<br \/>\n5. Wichtig: Geschirrsp\u00fcler St\u00f6psel ziehen und Kaffeemaschinen reinigen.<br \/>\n6. Kein Geschirr, Besteck oder Sonstiges mit nach Hause nehmen.<br \/>\n(f\u00fcr die Essensreste haben wir Plastikboxen mit Deckel)<\/p>\n<p>Abgerechnet wird in der Woche nach einer Veranstaltung bei :<br \/>\nIlka Hinrichs, M\u00fcllerweg 10a, 26434 Middoge<\/p>\n<p>&nbsp;<\/p>\n<p>Der Vereinsvorstand (Stand: Oktober 2025)<\/p>\n","protected":false},"excerpt":{"rendered":"<p>Die Eintragungen f\u00fcr eine Veranstaltung im Kalender und das Ausleihen geht nur \u00fcber den Dorfvorstand!!! Die Veranstaltung muss auf dem Kalender mit Namen und Telefonnummer angegeben sein, sonst ist die Eintragung ung\u00fcltig. Bei einer Veranstaltung, die im Kalender eingetragen ist, &hellip; <a href=\"https:\/\/middoge.de\/?page_id=1736\">Weiterlesen <span class=\"meta-nav\">&rarr;<\/span><\/a><\/p>\n","protected":false},"author":1,"featured_media":0,"parent":774,"menu_order":0,"comment_status":"closed","ping_status":"closed","template":"","meta":{"footnotes":""},"class_list":["post-1736","page","type-page","status-publish","hentry"],"_links":{"self":[{"href":"https:\/\/middoge.de\/index.php?rest_route=\/wp\/v2\/pages\/1736","targetHints":{"allow":["GET"]}}],"collection":[{"href":"https:\/\/middoge.de\/index.php?rest_route=\/wp\/v2\/pages"}],"about":[{"href":"https:\/\/middoge.de\/index.php?rest_route=\/wp\/v2\/types\/page"}],"author":[{"embeddable":true,"href":"https:\/\/middoge.de\/index.php?rest_route=\/wp\/v2\/users\/1"}],"replies":[{"embeddable":true,"href":"https:\/\/middoge.de\/index.php?rest_route=%2Fwp%2Fv2%2Fcomments&post=1736"}],"version-history":[{"count":11,"href":"https:\/\/middoge.de\/index.php?rest_route=\/wp\/v2\/pages\/1736\/revisions"}],"predecessor-version":[{"id":2400,"href":"https:\/\/middoge.de\/index.php?rest_route=\/wp\/v2\/pages\/1736\/revisions\/2400"}],"up":[{"embeddable":true,"href":"https:\/\/middoge.de\/index.php?rest_route=\/wp\/v2\/pages\/774"}],"wp:attachment":[{"href":"https:\/\/middoge.de\/index.php?rest_route=%2Fwp%2Fv2%2Fmedia&parent=1736"}],"curies":[{"name":"wp","href":"https:\/\/api.w.org\/{rel}","templated":true}]}}