{"id":1673,"date":"2022-02-12T16:44:51","date_gmt":"2022-02-12T16:44:51","guid":{"rendered":"https:\/\/middoge.de\/?page_id=1673"},"modified":"2025-03-31T12:46:18","modified_gmt":"2025-03-31T12:46:18","slug":"middoge-auf-alten-landkarten","status":"publish","type":"page","link":"https:\/\/middoge.de\/?page_id=1673","title":{"rendered":"Middoge auf alten Landkarten"},"content":{"rendered":"<p>Middoge ist auf vielen alten Landkarten seit 1579 verzeichnet. So ist z.B. auf der Karte aus dem Atlas &#8222;Theatrum Orbis Terrarum&#8220; von Abraham Ortelius die Karte &#8222;Frisiae Orientalis Descriptio&#8220; &#8222;Middoge&#8220; eingezeichnet, gar nicht weit von der damaligen K\u00fcste. Diese Karte geht auf eine Handzeichung von Jan Bloemmaerts, der sich lateinisch Johannes Florianus nennt zur\u00fcck. Auch in Karten von Gerhard Mercator (1585)\u00a0 oder Johannes Metellus (1598) wurde Middoge in der heutigen Schreibweise eingezeichnet.In vielen sp\u00e4teren Karten aber , die sich an der Karte von Ubbo Emmius von 1599 orientierten wurde der Ort &#8222;Medoech&#8220; geschrieben, wohl wie der Name plattdeutsch ausgesprochen wurde. Diese Schreibweise hielt sich bis\u00a0 ca. 1780, dann \u00e4nderte sich der Name in &#8222;Middoch&#8220;. Selbst in der Karte des Laurentius Michaelis, des Schreibers der Maria von Jever, auch 1579 gezeichnet, wird der Ort &#8222;Middoch&#8220; geschrieben.<\/p>\n<p>Man k\u00f6nnte also eine kleine Geschichte der Kartennamen von &#8222;Middoge&#8220; schreiben. Sch\u00f6ner aber ist es, sich die Karten und Kartenausschnitte anzusehen (zum Vergr\u00f6\u00dfern anklicken!) :<a href=\"https:\/\/schoof-wetzig.de\/wp-content\/uploads\/2013\/04\/IMG_7739a1.jpg\"><img loading=\"lazy\" decoding=\"async\" class=\"alignleft size-full\" src=\"https:\/\/schoof-wetzig.de\/wp-content\/uploads\/2013\/04\/IMG_7739a1.jpg\" width=\"1000\" height=\"776\" \/><\/a><\/p>\n<p>Diese sch\u00f6ne Karte fand ich in einem Antiquariat in London. Sie zeigt die Region Oldenburg und stammt aus einem kleinen Handatlas (23 x 18 cm), in dem alle Seiten handkoloriert sind: Mercator \/ Jansson. Oldenburg Comitatus. Atlas Minor. 1651. Der Ort Middoge wird noch \u201eMiddoech\u201c geschrieben, also wie platt gesprochen. Auf \u00e4lteren Mercator-Karten hei\u00dft es schon \u201eMiddoge\u201c. Der Ellenser Damm ist eingezeichnet, ein Damm der \u00fcber zwei Inseln im Jadebusen verl\u00e4uft. Heute ist hier die Autobahn von Oldenburg, man f\u00e4hrt nach Dangast oder Varel ab. Die Insel Mellum hat damals schon einen Turm.<\/p>\n<p>Nat\u00fcrlich war noch nicht alles genau ausgemessen und es gibt viele Fehler in den Ortsnamen, aber die Karten reichten zur Orientierung. Ubbo Emmius war einer der ersten, der die Ostfriesische Halbinsel sehr genau ausgemessen hat: mit der Triangulation wurden im Winter die Winkel zwischen den Kircht\u00fcrmen ausgemessen. Nur einige Strecken mussten genau in Meilen gemessen werden. (Dieter Schoof-Wetzig)<\/p>\n","protected":false},"excerpt":{"rendered":"<p>Middoge ist auf vielen alten Landkarten seit 1579 verzeichnet. So ist z.B. auf der Karte aus dem Atlas &#8222;Theatrum Orbis Terrarum&#8220; von Abraham Ortelius die Karte &#8222;Frisiae Orientalis Descriptio&#8220; &#8222;Middoge&#8220; eingezeichnet, gar nicht weit von der damaligen K\u00fcste. Diese Karte &hellip; <a href=\"https:\/\/middoge.de\/?page_id=1673\">Weiterlesen <span class=\"meta-nav\">&rarr;<\/span><\/a><\/p>\n","protected":false},"author":1,"featured_media":0,"parent":11,"menu_order":0,"comment_status":"closed","ping_status":"closed","template":"","meta":{"_crdt_document":"","footnotes":""},"class_list":["post-1673","page","type-page","status-publish","hentry"],"_links":{"self":[{"href":"https:\/\/middoge.de\/index.php?rest_route=\/wp\/v2\/pages\/1673","targetHints":{"allow":["GET"]}}],"collection":[{"href":"https:\/\/middoge.de\/index.php?rest_route=\/wp\/v2\/pages"}],"about":[{"href":"https:\/\/middoge.de\/index.php?rest_route=\/wp\/v2\/types\/page"}],"author":[{"embeddable":true,"href":"https:\/\/middoge.de\/index.php?rest_route=\/wp\/v2\/users\/1"}],"replies":[{"embeddable":true,"href":"https:\/\/middoge.de\/index.php?rest_route=%2Fwp%2Fv2%2Fcomments&post=1673"}],"version-history":[{"count":7,"href":"https:\/\/middoge.de\/index.php?rest_route=\/wp\/v2\/pages\/1673\/revisions"}],"predecessor-version":[{"id":1679,"href":"https:\/\/middoge.de\/index.php?rest_route=\/wp\/v2\/pages\/1673\/revisions\/1679"}],"up":[{"embeddable":true,"href":"https:\/\/middoge.de\/index.php?rest_route=\/wp\/v2\/pages\/11"}],"wp:attachment":[{"href":"https:\/\/middoge.de\/index.php?rest_route=%2Fwp%2Fv2%2Fmedia&parent=1673"}],"curies":[{"name":"wp","href":"https:\/\/api.w.org\/{rel}","templated":true}]}}