{"id":15,"date":"2013-01-14T20:17:30","date_gmt":"2013-01-14T20:17:30","guid":{"rendered":"http:\/\/middoge.de\/?page_id=15"},"modified":"2019-07-21T10:38:25","modified_gmt":"2019-07-21T10:38:25","slug":"kirche","status":"publish","type":"page","link":"https:\/\/middoge.de\/?page_id=15","title":{"rendered":"Kirche"},"content":{"rendered":"<p>26434\u00a0Middoge Gemeinde Wangerland, H\u00e4uptlingsstra\u00dfe 7<\/p>\n<p><strong>Gottesdienst<\/strong><br \/>\n14-t\u00e4glich, sonntags, 9.30 Uhr (siehe Aushang)<\/p>\n<p><strong><br \/>\nBesichtigung<br \/>\n<\/strong>Eine Besichtigung ist in den Sommermonaten eingeschr\u00e4nkt m\u00f6glich.<br \/>\nDer Schl\u00fcssel ist bei der B\u00e4ckerei Schoof &#8211; nur w\u00e4hrend der \u00d6ffnungszeiten der B\u00e4ckerei erh\u00e4ltlich.<br \/>\nMo., Di., Do., Fr.: 07.00 &#8211; 12.00 Uhr und 14.30 &#8211; 18.00 Uhr<br \/>\nMi. und Sa.: 07.00 &#8211; 12.00 Uhr<\/p>\n<p><strong><br \/>\nKontakt:<br \/>\n<\/strong>Ev.-luth. Pfarramt Tettens\/Middoge<br \/>\nPastorin Anna Bernau<br \/>\nSchmiedestra\u00dfe 7, 26434 Tettens<br \/>\nTel. 0 44 63\/4 44<\/p>\n<ul>\n<li><span style=\"color: #330033;\"><small><span style=\"font-family: Helvetica,Arial,sans-serif;\"><a href=\"http:\/\/www.kirche-tettens.de\/middoge.html\" target=\"_blank\" rel=\"noopener noreferrer\">Middoge auf der Kirchenseite<\/a><\/span><\/small><\/span><\/li>\n<li><span style=\"color: #330033;\"><small><span style=\"font-family: Helvetica,Arial,sans-serif;\"><a href=\"https:\/\/www.wangerland.de\/Media\/Attraktionen\/Kirche-Middoge\" target=\"_blank\" rel=\"noopener noreferrer\">Middoger Kirche bei der WangerlandTouristik<\/a><\/span><\/small><\/span><small><\/small><\/li>\n<li><span style=\"color: #330033;\"><small><span style=\"font-family: Helvetica,Arial,sans-serif;\"><a href=\"http:\/\/www.denkmalprojekt.org\/dkm_deutschland\/middoge_wangerland_ns.htm\" target=\"_blank\" rel=\"noopener noreferrer\">Gefallenendenkmal in Middoge mit allen Namen<\/a><\/span><\/small><\/span><\/li>\n<li><span style=\"color: #330033;\"><small><span style=\"font-family: Helvetica,Arial,sans-serif;\"><a title=\"Das L\u00e4uten der Middoger Glocken\" href=\"http:\/\/www.youtube.com\/watch?v=TOKHm3wHvlE&amp;feature=player_embedded\" target=\"_blank\" rel=\"noopener noreferrer\">Die Kirchglocke<\/a> (Mittagsl\u00e4uten am 16.08.2012 12.00 )<\/span><\/small><\/span><\/li>\n<li><span style=\"color: #330033;\"><small><span style=\"font-family: Helvetica,Arial,sans-serif;\"><a href=\"http:\/\/www.kirche-tettens.de\/middoge\/die-evang-luth-kirche\/das-innere-der-kirche-middoge.html\">Innenraum der Kirche<\/a><\/span><\/small><\/span><\/li>\n<li><span style=\"color: #330033;\"><small><span style=\"font-family: Helvetica,Arial,sans-serif;\"><a href=\"http:\/\/www.kirche-tettens.de\/middoge\/der-gemeindekirchenrat.html\">Gemeindekirchenrat Middoge<\/a><br \/>\n<\/span><\/small><\/span><\/li>\n<\/ul>\n","protected":false},"excerpt":{"rendered":"<p>26434\u00a0Middoge Gemeinde Wangerland, H\u00e4uptlingsstra\u00dfe 7 Gottesdienst 14-t\u00e4glich, sonntags, 9.30 Uhr (siehe Aushang) Besichtigung Eine Besichtigung ist in den Sommermonaten eingeschr\u00e4nkt m\u00f6glich. Der Schl\u00fcssel ist bei der B\u00e4ckerei Schoof &#8211; nur w\u00e4hrend der \u00d6ffnungszeiten der B\u00e4ckerei erh\u00e4ltlich. Mo., Di., Do., Fr.: &hellip; <a href=\"https:\/\/middoge.de\/?page_id=15\">Weiterlesen <span class=\"meta-nav\">&rarr;<\/span><\/a><\/p>\n","protected":false},"author":1,"featured_media":0,"parent":0,"menu_order":0,"comment_status":"open","ping_status":"open","template":"","meta":{"footnotes":""},"class_list":["post-15","page","type-page","status-publish","hentry"],"_links":{"self":[{"href":"https:\/\/middoge.de\/index.php?rest_route=\/wp\/v2\/pages\/15","targetHints":{"allow":["GET"]}}],"collection":[{"href":"https:\/\/middoge.de\/index.php?rest_route=\/wp\/v2\/pages"}],"about":[{"href":"https:\/\/middoge.de\/index.php?rest_route=\/wp\/v2\/types\/page"}],"author":[{"embeddable":true,"href":"https:\/\/middoge.de\/index.php?rest_route=\/wp\/v2\/users\/1"}],"replies":[{"embeddable":true,"href":"https:\/\/middoge.de\/index.php?rest_route=%2Fwp%2Fv2%2Fcomments&post=15"}],"version-history":[{"count":16,"href":"https:\/\/middoge.de\/index.php?rest_route=\/wp\/v2\/pages\/15\/revisions"}],"predecessor-version":[{"id":1259,"href":"https:\/\/middoge.de\/index.php?rest_route=\/wp\/v2\/pages\/15\/revisions\/1259"}],"wp:attachment":[{"href":"https:\/\/middoge.de\/index.php?rest_route=%2Fwp%2Fv2%2Fmedia&parent=15"}],"curies":[{"name":"wp","href":"https:\/\/api.w.org\/{rel}","templated":true}]}}