{"id":1281,"date":"2019-07-24T19:25:54","date_gmt":"2019-07-24T19:25:54","guid":{"rendered":"http:\/\/middoge.de\/?page_id=1281"},"modified":"2025-03-31T12:47:06","modified_gmt":"2025-03-31T12:47:06","slug":"middoger-muehle","status":"publish","type":"page","link":"https:\/\/middoge.de\/?page_id=1281","title":{"rendered":"Middoger M\u00fchle"},"content":{"rendered":"<p>Middoger M\u00fchle um 1910 mit der Familie Schoof und dem M\u00fcllergesellen Adolf Hoppmann<\/p>\n<p><a href=\"https:\/\/middoge.de\/wp-content\/uploads\/2019\/07\/Windm\u00fchle1-1.jpg\"><img loading=\"lazy\" decoding=\"async\" class=\"alignleft wp-image-1282\" src=\"https:\/\/middoge.de\/wp-content\/uploads\/2019\/07\/Windm\u00fchle1-1.jpg\" alt=\"\" width=\"490\" height=\"779\" srcset=\"https:\/\/middoge.de\/wp-content\/uploads\/2019\/07\/Windm\u00fchle1-1.jpg 1859w, https:\/\/middoge.de\/wp-content\/uploads\/2019\/07\/Windm\u00fchle1-1-189x300.jpg 189w, https:\/\/middoge.de\/wp-content\/uploads\/2019\/07\/Windm\u00fchle1-1-768x1220.jpg 768w, https:\/\/middoge.de\/wp-content\/uploads\/2019\/07\/Windm\u00fchle1-1-645x1024.jpg 645w\" sizes=\"auto, (max-width: 490px) 100vw, 490px\" \/><\/a><\/p>\n","protected":false},"excerpt":{"rendered":"<p>Middoger M\u00fchle um 1910 mit der Familie Schoof und dem M\u00fcllergesellen Adolf Hoppmann<\/p>\n","protected":false},"author":1,"featured_media":0,"parent":11,"menu_order":0,"comment_status":"closed","ping_status":"closed","template":"","meta":{"_crdt_document":"","footnotes":""},"class_list":["post-1281","page","type-page","status-publish","hentry"],"_links":{"self":[{"href":"https:\/\/middoge.de\/index.php?rest_route=\/wp\/v2\/pages\/1281","targetHints":{"allow":["GET"]}}],"collection":[{"href":"https:\/\/middoge.de\/index.php?rest_route=\/wp\/v2\/pages"}],"about":[{"href":"https:\/\/middoge.de\/index.php?rest_route=\/wp\/v2\/types\/page"}],"author":[{"embeddable":true,"href":"https:\/\/middoge.de\/index.php?rest_route=\/wp\/v2\/users\/1"}],"replies":[{"embeddable":true,"href":"https:\/\/middoge.de\/index.php?rest_route=%2Fwp%2Fv2%2Fcomments&post=1281"}],"version-history":[{"count":3,"href":"https:\/\/middoge.de\/index.php?rest_route=\/wp\/v2\/pages\/1281\/revisions"}],"predecessor-version":[{"id":1313,"href":"https:\/\/middoge.de\/index.php?rest_route=\/wp\/v2\/pages\/1281\/revisions\/1313"}],"up":[{"embeddable":true,"href":"https:\/\/middoge.de\/index.php?rest_route=\/wp\/v2\/pages\/11"}],"wp:attachment":[{"href":"https:\/\/middoge.de\/index.php?rest_route=%2Fwp%2Fv2%2Fmedia&parent=1281"}],"curies":[{"name":"wp","href":"https:\/\/api.w.org\/{rel}","templated":true}]}}